{"id":13,"date":"2025-10-24T08:21:06","date_gmt":"2025-10-24T08:21:06","guid":{"rendered":"https:\/\/topgiochiperragazze.it\/?page_id=13"},"modified":"2025-10-24T08:25:47","modified_gmt":"2025-10-24T08:25:47","slug":"informazioni-per-i-genitori","status":"publish","type":"page","link":"https:\/\/topgiochiperragazze.it\/en\/informazioni-per-i-genitori\/","title":{"rendered":"Informazioni per i genitori"},"content":{"rendered":"<section style=\"line-height:2rem;\">\n<h2>Ciao cari genitori!<\/h2>\n<p>Benvenuti su <strong>topgiochiperragazze.it<\/strong>!<br \/>\nQui condividiamo <strong>giochi divertenti, sicuri e adatti alle ragazze di tutte le et\u00e0<\/strong> \u2013 perfetti per giocare in modo creativo, educativo e spensierato.<br \/>\nSappiamo quanto sia importante che il tempo davanti allo schermo sia positivo e sicuro, per questo abbiamo creato uno spazio dove le bambine e le ragazze possano divertirsi senza rischi.<\/p>\n<p><strong>Cosa facciamo<\/strong><br \/>\nPresentiamo una selezione di <strong>giochi per ragazze online e offline<\/strong> che funzionano anche senza connessione internet.<br \/>\nSono ideali per momenti di relax, viaggi o per passare del tempo creativo lontano dai social e dalle distrazioni.<\/p>\n<p><strong>Focus per famiglie<\/strong><br \/>\nSu <strong>topgiochiperragazze.it<\/strong> ci impegniamo a proporre giochi che:<\/p>\n<ul>\n<li>sono adatti all\u2019et\u00e0 e al pubblico femminile pi\u00f9 giovane,<\/li>\n<li>sono privi di violenza e promuovono la creativit\u00e0, la fantasia o l\u2019apprendimento,<\/li>\n<li>contengono pubblicit\u00e0 minime o assenti (specialmente su dispositivi mobili).<\/li>\n<\/ul>\n<p>Inoltre, segnaliamo chiaramente quando un gioco pu\u00f2 contenere contenuti pi\u00f9 adatti a ragazze pi\u00f9 grandi, cos\u00ec i genitori possono scegliere con tranquillit\u00e0.<\/p>\n<p><strong>Nessun download? Nessun problema!<\/strong><br \/>\nNon ospitiamo direttamente i giochi: consigliamo solo <strong>titoli sicuri e selezionati<\/strong> e forniamo link alle fonti ufficiali (come Google Play, App Store o editori affidabili).<br \/>\nIn questo modo, puoi essere certo che ogni gioco sia autentico, controllato e adatto.<\/p>\n<p><strong>Consigli per i genitori<\/strong><\/p>\n<ul>\n<li>Verificate sempre le valutazioni di et\u00e0 negli store prima di installare un gioco.<\/li>\n<li>Giocate insieme: \u00e8 un ottimo modo per condividere tempo di qualit\u00e0 e capire cosa piace a vostra figlia.<\/li>\n<li>Attivate la modalit\u00e0 aereo per evitare pubblicit\u00e0 o acquisti accidentali.<\/li>\n<\/ul>\n<p><\/p>\n<p><strong>Perch\u00e9 scegliere i giochi offline?<\/strong><br \/>\nI giochi offline sono un modo perfetto per:<\/p>\n<ul>\n<li>ridurre il tempo online e le distrazioni,<\/li>\n<li>intrattenere le ragazze durante viaggi o momenti liberi in modo costruttivo,<\/li>\n<li>stimolare la fantasia, la creativit\u00e0 e l\u2019autonomia nel gioco.<\/li>\n<\/ul>\n<p><\/p>\n<p>Per domande, suggerimenti o proposte di nuovi giochi, non esitate a contattarci \u2014 ci fa sempre piacere ricevere idee da famiglie e ragazze che amano giocare quanto noi!<\/p>\n<p>Grazie per la vostra visita,<br \/>\nil team di <strong>topgiochiperragazze.it<\/strong><br \/>\n<\/section>","protected":false},"excerpt":{"rendered":"<p>Ciao cari genitori! Benvenuti su topgiochiperragazze.it! Qui condividiamo giochi divertenti, sicuri e adatti alle ragazze di tutte le et\u00e0 \u2013 perfetti per giocare in modo creativo, educativo e spensierato. Sappiamo quanto sia importante che il tempo davanti allo schermo sia positivo e sicuro, per questo abbiamo creato uno spazio dove le bambine e le ragazze [&hellip;]<\/p>","protected":false},"author":1,"featured_media":0,"parent":0,"menu_order":0,"comment_status":"closed","ping_status":"closed","template":"","meta":{"schema_type":"","mabp_game_type":"","mabp_description":"","mabp_swf_url":"","mabp_thumbnail_url":"","mabp_game_tag":"","mabp_game_uuid":"","mabp_game_slug":"","mabp_height":"","mabp_width":"","mabp_video_url":"","mabp_rating":"","mabp_votes":"","mabp_category":"","mabp_leaderboard_enabled":"","mabp_game_source":"","mabp_screen_1":"","rank_math_title":"","rank_math_description":"","rank_math_facebook_image":"","rank_math_facebook_image_id":"","rank_math_twitter_use_facebook":"","rank_math_twitter_image":"","rank_math_twitter_image_id":"","footnotes":""},"class_list":["post-13","page","type-page","status-publish","hentry"],"_links":{"self":[{"href":"https:\/\/topgiochiperragazze.it\/en\/wp-json\/wp\/v2\/pages\/13","targetHints":{"allow":["GET"]}}],"collection":[{"href":"https:\/\/topgiochiperragazze.it\/en\/wp-json\/wp\/v2\/pages"}],"about":[{"href":"https:\/\/topgiochiperragazze.it\/en\/wp-json\/wp\/v2\/types\/page"}],"author":[{"embeddable":true,"href":"https:\/\/topgiochiperragazze.it\/en\/wp-json\/wp\/v2\/users\/1"}],"replies":[{"embeddable":true,"href":"https:\/\/topgiochiperragazze.it\/en\/wp-json\/wp\/v2\/comments?post=13"}],"version-history":[{"count":2,"href":"https:\/\/topgiochiperragazze.it\/en\/wp-json\/wp\/v2\/pages\/13\/revisions"}],"predecessor-version":[{"id":25,"href":"https:\/\/topgiochiperragazze.it\/en\/wp-json\/wp\/v2\/pages\/13\/revisions\/25"}],"wp:attachment":[{"href":"https:\/\/topgiochiperragazze.it\/en\/wp-json\/wp\/v2\/media?parent=13"}],"curies":[{"name":"wp","href":"https:\/\/api.w.org\/{rel}","templated":true}]}}