{"id":15,"date":"2025-10-24T08:22:01","date_gmt":"2025-10-24T08:22:01","guid":{"rendered":"https:\/\/topgiochiperragazze.it\/?page_id=15"},"modified":"2025-10-24T08:25:52","modified_gmt":"2025-10-24T08:25:52","slug":"politica-sulla-riservatezza","status":"publish","type":"page","link":"https:\/\/topgiochiperragazze.it\/en\/politica-sulla-riservatezza\/","title":{"rendered":"politica sulla riservatezza"},"content":{"rendered":"<section style=\"line-height:2rem;\">\n<strong>Ultimo aggiornamento:<\/strong> 16 ottobre 2025<\/p>\n<p>La presente <strong>Informativa sulla Privacy<\/strong> descrive le nostre politiche riguardanti la raccolta, l\u2019utilizzo e la protezione dei tuoi dati personali durante l\u2019utilizzo del nostro sito.<br \/>\nTi spiega inoltre i tuoi diritti in materia di privacy e come vengono tutelati secondo la normativa vigente.<\/p>\n<p>Utilizziamo i dati personali esclusivamente per fornire, migliorare e personalizzare la tua esperienza su <strong>topgiochiperragazze.it<\/strong>.<br \/>\nAccedendo o utilizzando il sito, accetti la raccolta e l\u2019utilizzo delle informazioni come descritto nella presente informativa, adattata specificamente per <strong>topgiochiperragazze.it<\/strong>.<\/p>\n<div id=\"ez-toc-container\" class=\"ez-toc-v2_0_76 counter-hierarchy ez-toc-counter ez-toc-grey ez-toc-container-direction\">\n<div class=\"ez-toc-title-container\">\n<p class=\"ez-toc-title\" style=\"cursor:inherit\">Table of Contents<\/p>\n<span class=\"ez-toc-title-toggle\"><a href=\"#\" class=\"ez-toc-pull-right ez-toc-btn ez-toc-btn-xs ez-toc-btn-default ez-toc-toggle\" aria-label=\"Toggle Table of Content\"><span class=\"ez-toc-js-icon-con\"><span class=\"\"><span class=\"eztoc-hide\" style=\"display:none;\">Toggle<\/span><span class=\"ez-toc-icon-toggle-span\"><svg style=\"fill: #999;color:#999\" xmlns=\"http:\/\/www.w3.org\/2000\/svg\" class=\"list-377408\" width=\"20px\" height=\"20px\" viewbox=\"0 0 24 24\" fill=\"none\"><path d=\"M6 6H4v2h2V6zm14 0H8v2h12V6zM4 11h2v2H4v-2zm16 0H8v2h12v-2zM4 16h2v2H4v-2zm16 0H8v2h12v-2z\" fill=\"currentColor\"><\/path><\/svg><svg style=\"fill: #999;color:#999\" class=\"arrow-unsorted-368013\" xmlns=\"http:\/\/www.w3.org\/2000\/svg\" width=\"10px\" height=\"10px\" viewbox=\"0 0 24 24\" version=\"1.2\" baseprofile=\"tiny\"><path d=\"M18.2 9.3l-6.2-6.3-6.2 6.3c-.2.2-.3.4-.3.7s.1.5.3.7c.2.2.4.3.7.3h11c.3 0 .5-.1.7-.3.2-.2.3-.5.3-.7s-.1-.5-.3-.7zM5.8 14.7l6.2 6.3 6.2-6.3c.2-.2.3-.5.3-.7s-.1-.5-.3-.7c-.2-.2-.4-.3-.7-.3h-11c-.3 0-.5.1-.7.3-.2.2-.3.5-.3.7s.1.5.3.7z\"\/><\/svg><\/span><\/span><\/span><\/a><\/span><\/div>\n<nav><ul class='ez-toc-list ez-toc-list-level-1' ><li class='ez-toc-page-1 ez-toc-heading-level-3'><a class=\"ez-toc-link ez-toc-heading-1\" href=\"https:\/\/topgiochiperragazze.it\/en\/politica-sulla-riservatezza\/#Interpretazione_e_Definizioni\" >Interpretazione e Definizioni<\/a><\/li><li class='ez-toc-page-1 ez-toc-heading-level-3'><a class=\"ez-toc-link ez-toc-heading-2\" href=\"https:\/\/topgiochiperragazze.it\/en\/politica-sulla-riservatezza\/#Raccolta_e_Utilizzo_dei_tuoi_Dati_Personali\" >Raccolta e Utilizzo dei tuoi Dati Personali<\/a><ul class='ez-toc-list-level-4' ><li class='ez-toc-heading-level-4'><a class=\"ez-toc-link ez-toc-heading-3\" href=\"https:\/\/topgiochiperragazze.it\/en\/politica-sulla-riservatezza\/#Dati_Personali\" >Dati Personali<\/a><\/li><li class='ez-toc-page-1 ez-toc-heading-level-4'><a class=\"ez-toc-link ez-toc-heading-4\" href=\"https:\/\/topgiochiperragazze.it\/en\/politica-sulla-riservatezza\/#Dati_di_Utilizzo\" >Dati di Utilizzo<\/a><\/li><\/ul><\/li><li class='ez-toc-page-1 ez-toc-heading-level-3'><a class=\"ez-toc-link ez-toc-heading-5\" href=\"https:\/\/topgiochiperragazze.it\/en\/politica-sulla-riservatezza\/#Tecnologie_di_tracciamento_e_Cookie\" >Tecnologie di tracciamento e Cookie<\/a><\/li><\/ul><\/nav><\/div>\n<h3><span class=\"ez-toc-section\" id=\"Interpretazione_e_Definizioni\"><\/span>Interpretazione e Definizioni<span class=\"ez-toc-section-end\"><\/span><\/h3>\n<p><strong>Interpretazione<\/strong><br \/>\nI termini con l\u2019iniziale maiuscola hanno il significato definito di seguito. Le definizioni si applicano sia al singolare che al plurale.<\/p>\n<p><strong>Definizioni<\/strong><br \/>\nAi fini della presente Informativa sulla Privacy:<\/p>\n<ul>\n<li><strong>Account:<\/strong> un account univoco creato per accedere ai servizi o a parti del sito.<\/li>\n<li><strong>Affiliata:<\/strong> entit\u00e0 che controlla, \u00e8 controllata o \u00e8 sotto controllo comune con la nostra azienda (ad esempio partner o fornitori di servizi).<\/li>\n<li><strong>Azienda:<\/strong> indicata come \u201cnoi\u201d, \u201cci\u201d o \u201cnostro\u201d, si riferisce a <strong>topgiochiperragazze.it<\/strong>.<\/li>\n<li><strong>Cookie:<\/strong> piccoli file salvati sul tuo dispositivo (computer o smartphone) che memorizzano informazioni utili come le preferenze di navigazione.<\/li>\n<li><strong>Paese:<\/strong> Italia.<\/li>\n<li><strong>Dispositivo:<\/strong> qualsiasi apparecchio che pu\u00f2 accedere al Servizio, come un computer, un tablet o uno smartphone.<\/li>\n<li><strong>Dati Personali:<\/strong> informazioni che identificano o rendono identificabile una persona fisica.<\/li>\n<li><strong>Servizio:<\/strong> il sito web fornito da <strong>topgiochiperragazze.it<\/strong>.<\/li>\n<li><strong>Fornitore di Servizi:<\/strong> persona fisica o giuridica che tratta i dati personali per conto dell\u2019Azienda, ad esempio per manutenzione, hosting o analisi.<\/li>\n<li><strong>Dati di Utilizzo:<\/strong> informazioni raccolte automaticamente durante l\u2019uso del sito, come durata della visita o pagine visualizzate.<\/li>\n<li><strong>Sito Web:<\/strong> si riferisce a <strong>topgiochiperragazze.it<\/strong>, accessibile all\u2019indirizzo<br \/>\n<a href=\"https:\/\/topgiochiperragazze.it\/en\/\">www.topgiochiperragazze.it<\/a>.\n<\/li>\n<li><strong>Tu:<\/strong> l\u2019utente che accede o utilizza il Servizio, o l\u2019entit\u00e0 per conto della quale viene utilizzato.<\/li>\n<\/ul>\n<h3><span class=\"ez-toc-section\" id=\"Raccolta_e_Utilizzo_dei_tuoi_Dati_Personali\"><\/span>Raccolta e Utilizzo dei tuoi Dati Personali<span class=\"ez-toc-section-end\"><\/span><\/h3>\n<p><strong>Tipologie di Dati raccolti<\/strong><\/p>\n<h4><span class=\"ez-toc-section\" id=\"Dati_Personali\"><\/span>Dati Personali<span class=\"ez-toc-section-end\"><\/span><\/h4>\n<p>Durante l\u2019utilizzo del nostro Servizio, potremmo chiederti di fornirci alcune informazioni personali (ad esempio per contattarci o lasciare un feedback).<br \/>\nQuesti dati possono includere:<\/p>\n<ul>\n<li>Indirizzo e-mail<\/li>\n<li>Nome e cognome<\/li>\n<li>Dati di utilizzo<\/li>\n<\/ul>\n<h4><span class=\"ez-toc-section\" id=\"Dati_di_Utilizzo\"><\/span>Dati di Utilizzo<span class=\"ez-toc-section-end\"><\/span><\/h4>\n<p>I Dati di Utilizzo vengono raccolti automaticamente durante l\u2019utilizzo del sito.<br \/>\nQuesti possono comprendere:<\/p>\n<ul>\n<li>Indirizzo IP del dispositivo<\/li>\n<li>Tipo e versione del browser<\/li>\n<li>Pagine visitate e durata della visita<\/li>\n<li>Data e ora di accesso<\/li>\n<li>Identificatori univoci del dispositivo e dati diagnostici<\/li>\n<\/ul>\n<p>Se accedi tramite un dispositivo mobile, possiamo inoltre raccogliere informazioni come il tipo di dispositivo, sistema operativo, indirizzo IP e tipo di browser utilizzato.<\/p>\n<h3><span class=\"ez-toc-section\" id=\"Tecnologie_di_tracciamento_e_Cookie\"><\/span>Tecnologie di tracciamento e Cookie<span class=\"ez-toc-section-end\"><\/span><\/h3>\n<p>Utilizziamo <strong>cookie e strumenti di tracciamento<\/strong> per migliorare l\u2019esperienza utente e analizzare l\u2019utilizzo del nostro sito.<br \/>\nQueste tecnologie ci aiutano a capire meglio le preferenze dei visitatori e a migliorare la qualit\u00e0 dei contenuti proposti.<\/p>\n<ul>\n<li><strong>Cookie del Browser:<\/strong> piccoli file salvati sul tuo dispositivo. Puoi scegliere di disattivarli tramite le impostazioni del browser, ma alcune funzioni del sito potrebbero non funzionare correttamente.<\/li>\n<li><strong>Web Beacon (pixel o tag):<\/strong> piccoli file elettronici utilizzati per contare i visitatori o verificare se un\u2019e-mail \u00e8 stata aperta, utili per analisi statistiche.<\/li>\n<\/ul>\n<p>I cookie possono essere:<\/p>\n<ul>\n<li><strong>Persistenti:<\/strong> rimangono sul dispositivo anche dopo aver chiuso il browser.<\/li>\n<li><strong>Di sessione:<\/strong> vengono eliminati automaticamente alla chiusura del browser.<\/li>\n<\/ul>\n<\/section>","protected":false},"excerpt":{"rendered":"<p>Ultimo aggiornamento: 16 ottobre 2025 La presente Informativa sulla Privacy descrive le nostre politiche riguardanti la raccolta, l\u2019utilizzo e la protezione dei tuoi dati personali durante l\u2019utilizzo del nostro sito. Ti spiega inoltre i tuoi diritti in materia di privacy e come vengono tutelati secondo la normativa vigente. Utilizziamo i dati personali esclusivamente per fornire, [&hellip;]<\/p>","protected":false},"author":1,"featured_media":0,"parent":0,"menu_order":0,"comment_status":"closed","ping_status":"closed","template":"","meta":{"schema_type":"","mabp_game_type":"","mabp_description":"","mabp_swf_url":"","mabp_thumbnail_url":"","mabp_game_tag":"","mabp_game_uuid":"","mabp_game_slug":"","mabp_height":"","mabp_width":"","mabp_video_url":"","mabp_rating":"","mabp_votes":"","mabp_category":"","mabp_leaderboard_enabled":"","mabp_game_source":"","mabp_screen_1":"","rank_math_title":"","rank_math_description":"","rank_math_facebook_image":"","rank_math_facebook_image_id":"","rank_math_twitter_use_facebook":"","rank_math_twitter_image":"","rank_math_twitter_image_id":"","footnotes":""},"class_list":["post-15","page","type-page","status-publish","hentry"],"_links":{"self":[{"href":"https:\/\/topgiochiperragazze.it\/en\/wp-json\/wp\/v2\/pages\/15","targetHints":{"allow":["GET"]}}],"collection":[{"href":"https:\/\/topgiochiperragazze.it\/en\/wp-json\/wp\/v2\/pages"}],"about":[{"href":"https:\/\/topgiochiperragazze.it\/en\/wp-json\/wp\/v2\/types\/page"}],"author":[{"embeddable":true,"href":"https:\/\/topgiochiperragazze.it\/en\/wp-json\/wp\/v2\/users\/1"}],"replies":[{"embeddable":true,"href":"https:\/\/topgiochiperragazze.it\/en\/wp-json\/wp\/v2\/comments?post=15"}],"version-history":[{"count":2,"href":"https:\/\/topgiochiperragazze.it\/en\/wp-json\/wp\/v2\/pages\/15\/revisions"}],"predecessor-version":[{"id":26,"href":"https:\/\/topgiochiperragazze.it\/en\/wp-json\/wp\/v2\/pages\/15\/revisions\/26"}],"wp:attachment":[{"href":"https:\/\/topgiochiperragazze.it\/en\/wp-json\/wp\/v2\/media?parent=15"}],"curies":[{"name":"wp","href":"https:\/\/api.w.org\/{rel}","templated":true}]}}