{"id":19,"date":"2025-10-24T08:24:46","date_gmt":"2025-10-24T08:24:46","guid":{"rendered":"https:\/\/topgiochiperragazze.it\/?page_id=19"},"modified":"2025-10-24T08:26:02","modified_gmt":"2025-10-24T08:26:02","slug":"termini-di-utilizzo","status":"publish","type":"page","link":"https:\/\/topgiochiperragazze.it\/en\/termini-di-utilizzo\/","title":{"rendered":"Termini di utilizzo"},"content":{"rendered":"<section style=\"line-height:2rem;\">\n<strong>Ultimo aggiornamento:<\/strong> 16 ottobre 2025<\/p>\n<p>Ti invitiamo a leggere attentamente questi Termini e Condizioni prima di utilizzare il nostro servizio.<\/p>\n<div id=\"ez-toc-container\" class=\"ez-toc-v2_0_76 counter-hierarchy ez-toc-counter ez-toc-grey ez-toc-container-direction\">\n<div class=\"ez-toc-title-container\">\n<p class=\"ez-toc-title\" style=\"cursor:inherit\">Table of Contents<\/p>\n<span class=\"ez-toc-title-toggle\"><a href=\"#\" class=\"ez-toc-pull-right ez-toc-btn ez-toc-btn-xs ez-toc-btn-default ez-toc-toggle\" aria-label=\"Toggle Table of Content\"><span class=\"ez-toc-js-icon-con\"><span class=\"\"><span class=\"eztoc-hide\" style=\"display:none;\">Toggle<\/span><span class=\"ez-toc-icon-toggle-span\"><svg style=\"fill: #999;color:#999\" xmlns=\"http:\/\/www.w3.org\/2000\/svg\" class=\"list-377408\" width=\"20px\" height=\"20px\" viewbox=\"0 0 24 24\" fill=\"none\"><path d=\"M6 6H4v2h2V6zm14 0H8v2h12V6zM4 11h2v2H4v-2zm16 0H8v2h12v-2zM4 16h2v2H4v-2zm16 0H8v2h12v-2z\" fill=\"currentColor\"><\/path><\/svg><svg style=\"fill: #999;color:#999\" class=\"arrow-unsorted-368013\" xmlns=\"http:\/\/www.w3.org\/2000\/svg\" width=\"10px\" height=\"10px\" viewbox=\"0 0 24 24\" version=\"1.2\" baseprofile=\"tiny\"><path d=\"M18.2 9.3l-6.2-6.3-6.2 6.3c-.2.2-.3.4-.3.7s.1.5.3.7c.2.2.4.3.7.3h11c.3 0 .5-.1.7-.3.2-.2.3-.5.3-.7s-.1-.5-.3-.7zM5.8 14.7l6.2 6.3 6.2-6.3c.2-.2.3-.5.3-.7s-.1-.5-.3-.7c-.2-.2-.4-.3-.7-.3h-11c-.3 0-.5.1-.7.3-.2.2-.3.5-.3.7s.1.5.3.7z\"\/><\/svg><\/span><\/span><\/span><\/a><\/span><\/div>\n<nav><ul class='ez-toc-list ez-toc-list-level-1' ><li class='ez-toc-page-1 ez-toc-heading-level-3'><a class=\"ez-toc-link ez-toc-heading-1\" href=\"https:\/\/topgiochiperragazze.it\/en\/termini-di-utilizzo\/#Interpretazione_e_Definizioni\" >Interpretazione e Definizioni<\/a><\/li><li class='ez-toc-page-1 ez-toc-heading-level-3'><a class=\"ez-toc-link ez-toc-heading-2\" href=\"https:\/\/topgiochiperragazze.it\/en\/termini-di-utilizzo\/#Accettazione\" >Accettazione<\/a><\/li><li class='ez-toc-page-1 ez-toc-heading-level-3'><a class=\"ez-toc-link ez-toc-heading-3\" href=\"https:\/\/topgiochiperragazze.it\/en\/termini-di-utilizzo\/#Link_ad_altri_siti_web\" >Link ad altri siti web<\/a><\/li><li class='ez-toc-page-1 ez-toc-heading-level-3'><a class=\"ez-toc-link ez-toc-heading-4\" href=\"https:\/\/topgiochiperragazze.it\/en\/termini-di-utilizzo\/#Risoluzione\" >Risoluzione<\/a><\/li><li class='ez-toc-page-1 ez-toc-heading-level-3'><a class=\"ez-toc-link ez-toc-heading-5\" href=\"https:\/\/topgiochiperragazze.it\/en\/termini-di-utilizzo\/#Limitazione_di_responsabilita\" >Limitazione di responsabilit\u00e0<\/a><\/li><\/ul><\/nav><\/div>\n<h3><span class=\"ez-toc-section\" id=\"Interpretazione_e_Definizioni\"><\/span>Interpretazione e Definizioni<span class=\"ez-toc-section-end\"><\/span><\/h3>\n<p><strong>Interpretazione<\/strong><\/p>\n<p>\nLe parole con la lettera iniziale maiuscola hanno il significato definito alle seguenti condizioni.<br \/>\nLe seguenti definizioni si applicano sia al singolare che al plurale.\n<\/p>\n<p><strong>Definizioni<\/strong><\/p>\n<p>Ai fini dei presenti Termini e Condizioni, si intende quanto segue:<\/p>\n<p>\n<strong>Azienda collegata<\/strong> indica una societ\u00e0 che controlla, \u00e8 controllata o \u00e8 sotto controllo comune con una delle parti.<br \/>\nPer &#8220;controllo&#8221; si intende il possesso di almeno il 50% delle azioni, partecipazioni o altri titoli con diritto di voto<br \/>\nper la nomina di direttori o altri organi di gestione.\n<\/p>\n<p><strong>Paese:<\/strong> Italia.<\/p>\n<p>\n<strong>Azienda<\/strong> (indicata in questo accordo come \u201cl\u2019Azienda\u201d, \u201cnoi\u201d, \u201cci\u201d o \u201cnostro\u201d) si riferisce a<br \/>\n<strong>topgiochiperragazze.it<\/strong>.\n<\/p>\n<p>\n<strong>Dispositivo<\/strong> indica qualsiasi dispositivo che pu\u00f2 accedere al Servizio,<br \/>\nad esempio un computer, un telefono cellulare o un tablet.\n<\/p>\n<p><strong>Servizio<\/strong> indica il sito web.<\/p>\n<p>\n<strong>Termini e Condizioni<\/strong> (anche denominati \u201cTermini\u201d) sono l\u2019accordo che regola l\u2019intera relazione<br \/>\ntra Lei e l\u2019Azienda relativamente all\u2019uso del Servizio.<br \/>\nQuesti Termini e Condizioni sono stati adattati appositamente per <strong>topgiochiperragazze.it<\/strong>.\n<\/p>\n<p>\n<strong>Servizi di terze parti sui social media<\/strong> sono tutti i servizi o contenuti<br \/>\n(inclusi dati, informazioni, prodotti o servizi) forniti da terze parti che possono essere visualizzati,<br \/>\nintegrati o offerti tramite il Servizio.\n<\/p>\n<p>\n<strong>Sito web<\/strong> si riferisce a <strong>topgiochiperragazze.it<\/strong>,<br \/>\naccessibile all\u2019indirizzo<br \/>\n<a href=\"https:\/\/topgiochiperragazze.it\/en\/\">www.topgiochiperragazze.it<\/a>.\n<\/p>\n<p>\n<strong>Lei<\/strong> indica la persona che accede o utilizza il Servizio,<br \/>\noppure l\u2019azienda o altra entit\u00e0 legale per conto della quale questa persona utilizza il Servizio.\n<\/p>\n<h3><span class=\"ez-toc-section\" id=\"Accettazione\"><\/span>Accettazione<span class=\"ez-toc-section-end\"><\/span><\/h3>\n<p>\nI presenti Termini e Condizioni regolano l\u2019utilizzo del nostro Servizio e costituiscono un accordo tra Lei e l\u2019Azienda.<br \/>\nDefiniscono i diritti e gli obblighi di tutti gli utenti che accedono o utilizzano il Servizio.\n<\/p>\n<p>\nL\u2019accesso e l\u2019utilizzo del Servizio implicano l\u2019accettazione e il rispetto dei presenti Termini.<br \/>\nSe non accetta una qualsiasi parte di questi Termini, La invitiamo a non utilizzare il nostro Servizio.\n<\/p>\n<p>\nInoltre, l\u2019uso del nostro Servizio presuppone l\u2019accettazione e il rispetto della nostra<br \/>\n<a href=\"https:\/\/topgiochiperragazze.it\/en\/privacy\/\">Politica sulla Privacy<\/a>.<br \/>\nTale informativa spiega come raccogliamo, utilizziamo e proteggiamo i dati personali e<br \/>\nillustra i diritti dell\u2019utente in materia di protezione dei dati.<br \/>\nLa invitiamo a leggerla con attenzione prima di continuare a utilizzare il sito.\n<\/p>\n<h3><span class=\"ez-toc-section\" id=\"Link_ad_altri_siti_web\"><\/span>Link ad altri siti web<span class=\"ez-toc-section-end\"><\/span><\/h3>\n<p>\nIl nostro Servizio pu\u00f2 contenere link a siti web o servizi di terze parti che non sono di propriet\u00e0 n\u00e9 controllati da noi.<br \/>\n<strong>topgiochiperragazze.it<\/strong> non ha alcun controllo sui contenuti,<br \/>\nsulle politiche di privacy o sulle pratiche di tali siti o servizi di terzi e non si assume alcuna responsabilit\u00e0 a riguardo.\n<\/p>\n<p>\nL\u2019utente riconosce e accetta che l\u2019Azienda non sar\u00e0 responsabile, direttamente o indirettamente,<br \/>\nper eventuali danni o perdite causati o presumibilmente causati dall\u2019uso o dalla fiducia<br \/>\nsu tali contenuti, prodotti o servizi disponibili tramite siti web di terze parti.\n<\/p>\n<p>\nRaccomandiamo di leggere attentamente i Termini e Condizioni e le Politiche sulla Privacy<br \/>\ndi tutti i siti web o servizi di terze parti che visita.\n<\/p>\n<h3><span class=\"ez-toc-section\" id=\"Risoluzione\"><\/span>Risoluzione<span class=\"ez-toc-section-end\"><\/span><\/h3>\n<p>\nPossiamo sospendere o terminare l\u2019accesso al nostro Servizio senza preavviso o responsabilit\u00e0<br \/>\nper qualsiasi motivo, incluso il mancato rispetto dei presenti Termini.\n<\/p>\n<p>\nIn caso di risoluzione, il diritto di utilizzare il Servizio cessa immediatamente.\n<\/p>\n<h3><span class=\"ez-toc-section\" id=\"Limitazione_di_responsabilita\"><\/span>Limitazione di responsabilit\u00e0<span class=\"ez-toc-section-end\"><\/span><\/h3>\n<p>\nSalvo eventuali danni che Lei possa subire, la responsabilit\u00e0 complessiva dell\u2019Azienda e dei suoi fornitori,<br \/>\nai sensi di questi Termini, non superer\u00e0 l\u2019importo eventualmente pagato da Lei tramite il Servizio<br \/>\no, se non \u00e8 stato effettuato alcun pagamento, 100 EUR.\n<\/p>\n<p>\nNei limiti consentiti dalla legge, l\u2019Azienda o i suoi fornitori non saranno in alcun caso responsabili<br \/>\nper danni speciali, accidentali, indiretti o consequenziali di qualsiasi tipo (inclusi, a titolo esemplificativo,<br \/>\nperdita di profitti, perdita di dati, interruzione dell\u2019attivit\u00e0, danni personali o perdita di privacy)<br \/>\nderivanti dall\u2019utilizzo o dall\u2019impossibilit\u00e0 di utilizzare il Servizio, anche se l\u2019Azienda \u00e8 stata informata<br \/>\ndella possibilit\u00e0 di tali danni.\n<\/p>\n<p>\nAlcune giurisdizioni non consentono l\u2019esclusione o la limitazione di responsabilit\u00e0 per determinati danni;<br \/>\nin tali casi, le limitazioni sopra indicate si applicheranno nella misura massima consentita dalla legge.\n<\/p>\n<\/section>","protected":false},"excerpt":{"rendered":"<p>Ultimo aggiornamento: 16 ottobre 2025 Ti invitiamo a leggere attentamente questi Termini e Condizioni prima di utilizzare il nostro servizio. Interpretazione e Definizioni Interpretazione Le parole con la lettera iniziale maiuscola hanno il significato definito alle seguenti condizioni. Le seguenti definizioni si applicano sia al singolare che al plurale. Definizioni Ai fini dei presenti Termini [&hellip;]<\/p>","protected":false},"author":1,"featured_media":0,"parent":0,"menu_order":0,"comment_status":"closed","ping_status":"closed","template":"","meta":{"schema_type":"","mabp_game_type":"","mabp_description":"","mabp_swf_url":"","mabp_thumbnail_url":"","mabp_game_tag":"","mabp_game_uuid":"","mabp_game_slug":"","mabp_height":"","mabp_width":"","mabp_video_url":"","mabp_rating":"","mabp_votes":"","mabp_category":"","mabp_leaderboard_enabled":"","mabp_game_source":"","mabp_screen_1":"","rank_math_title":"","rank_math_description":"","rank_math_facebook_image":"","rank_math_facebook_image_id":"","rank_math_twitter_use_facebook":"","rank_math_twitter_image":"","rank_math_twitter_image_id":"","footnotes":""},"class_list":["post-19","page","type-page","status-publish","hentry"],"_links":{"self":[{"href":"https:\/\/topgiochiperragazze.it\/en\/wp-json\/wp\/v2\/pages\/19","targetHints":{"allow":["GET"]}}],"collection":[{"href":"https:\/\/topgiochiperragazze.it\/en\/wp-json\/wp\/v2\/pages"}],"about":[{"href":"https:\/\/topgiochiperragazze.it\/en\/wp-json\/wp\/v2\/types\/page"}],"author":[{"embeddable":true,"href":"https:\/\/topgiochiperragazze.it\/en\/wp-json\/wp\/v2\/users\/1"}],"replies":[{"embeddable":true,"href":"https:\/\/topgiochiperragazze.it\/en\/wp-json\/wp\/v2\/comments?post=19"}],"version-history":[{"count":2,"href":"https:\/\/topgiochiperragazze.it\/en\/wp-json\/wp\/v2\/pages\/19\/revisions"}],"predecessor-version":[{"id":28,"href":"https:\/\/topgiochiperragazze.it\/en\/wp-json\/wp\/v2\/pages\/19\/revisions\/28"}],"wp:attachment":[{"href":"https:\/\/topgiochiperragazze.it\/en\/wp-json\/wp\/v2\/media?parent=19"}],"curies":[{"name":"wp","href":"https:\/\/api.w.org\/{rel}","templated":true}]}}