{"id":9,"date":"2025-10-24T08:20:00","date_gmt":"2025-10-24T08:20:00","guid":{"rendered":"https:\/\/topgiochiperragazze.it\/?page_id=9"},"modified":"2025-10-24T08:25:35","modified_gmt":"2025-10-24T08:25:35","slug":"chi-siamo","status":"publish","type":"page","link":"https:\/\/topgiochiperragazze.it\/en\/chi-siamo\/","title":{"rendered":"Chi siamo"},"content":{"rendered":"<section style=\"line-height:2rem;\">\n<h2>Chi siamo<\/h2>\n<p>Benvenuta su <strong>topgiochiperragazze.it<\/strong> \u2013 il luogo ideale dove ogni ragazza pu\u00f2 divertirsi, sognare e giocare liberamente!<\/p>\n<p>Qui troverai una selezione curata dei <strong>migliori giochi per ragazze<\/strong>: moda, trucco, cucina, avventure romantiche e tanto altro \u2013 tutti gratuiti e facili da giocare direttamente dal tuo browser.<\/p>\n<p>Siamo un team di amanti del gaming che crede che il divertimento debba essere accessibile a tutte, ovunque e in qualsiasi momento. Che tu voglia rilassarti dopo la scuola, passare un pomeriggio creativo o sfidare le tue amiche, abbiamo il gioco perfetto per te!<\/p>\n<p>La nostra missione \u00e8 semplice: offrirti i giochi pi\u00f9 belli, divertenti e aggiornati per ragazze di tutte le et\u00e0. Scopri nuove esperienze, libera la tua fantasia e vivi ogni giorno un momento di puro divertimento!<\/p>\n<p>Esplora <strong>Top Giochi per Ragazze<\/strong> e lasciati ispirare dal gioco che pi\u00f9 ti rappresenta \u2013 perch\u00e9 giocare \u00e8 un modo per essere te stessa!<br \/>\n<\/section>","protected":false},"excerpt":{"rendered":"<p>Chi siamo Benvenuta su topgiochiperragazze.it \u2013 il luogo ideale dove ogni ragazza pu\u00f2 divertirsi, sognare e giocare liberamente! Qui troverai una selezione curata dei migliori giochi per ragazze: moda, trucco, cucina, avventure romantiche e tanto altro \u2013 tutti gratuiti e facili da giocare direttamente dal tuo browser. Siamo un team di amanti del gaming che [&hellip;]<\/p>","protected":false},"author":1,"featured_media":0,"parent":0,"menu_order":0,"comment_status":"closed","ping_status":"closed","template":"","meta":{"schema_type":"","mabp_game_type":"","mabp_description":"","mabp_swf_url":"","mabp_thumbnail_url":"","mabp_game_tag":"","mabp_game_uuid":"","mabp_game_slug":"","mabp_height":"","mabp_width":"","mabp_video_url":"","mabp_rating":"","mabp_votes":"","mabp_category":"","mabp_leaderboard_enabled":"","mabp_game_source":"","mabp_screen_1":"","rank_math_title":"","rank_math_description":"","rank_math_facebook_image":"","rank_math_facebook_image_id":"","rank_math_twitter_use_facebook":"","rank_math_twitter_image":"","rank_math_twitter_image_id":"","footnotes":""},"class_list":["post-9","page","type-page","status-publish","hentry"],"_links":{"self":[{"href":"https:\/\/topgiochiperragazze.it\/en\/wp-json\/wp\/v2\/pages\/9","targetHints":{"allow":["GET"]}}],"collection":[{"href":"https:\/\/topgiochiperragazze.it\/en\/wp-json\/wp\/v2\/pages"}],"about":[{"href":"https:\/\/topgiochiperragazze.it\/en\/wp-json\/wp\/v2\/types\/page"}],"author":[{"embeddable":true,"href":"https:\/\/topgiochiperragazze.it\/en\/wp-json\/wp\/v2\/users\/1"}],"replies":[{"embeddable":true,"href":"https:\/\/topgiochiperragazze.it\/en\/wp-json\/wp\/v2\/comments?post=9"}],"version-history":[{"count":2,"href":"https:\/\/topgiochiperragazze.it\/en\/wp-json\/wp\/v2\/pages\/9\/revisions"}],"predecessor-version":[{"id":23,"href":"https:\/\/topgiochiperragazze.it\/en\/wp-json\/wp\/v2\/pages\/9\/revisions\/23"}],"wp:attachment":[{"href":"https:\/\/topgiochiperragazze.it\/en\/wp-json\/wp\/v2\/media?parent=9"}],"curies":[{"name":"wp","href":"https:\/\/api.w.org\/{rel}","templated":true}]}}